{"id":4069,"date":"2018-08-31T22:56:49","date_gmt":"2018-08-31T19:56:49","guid":{"rendered":"http:\/\/burdoksan.com\/new\/?page_id=4069"},"modified":"2018-12-24T21:28:40","modified_gmt":"2018-12-24T19:28:40","slug":"misyonumuz","status":"publish","type":"page","link":"https:\/\/burdoksan.com\/new\/misyonumuz\/","title":{"rendered":"M\u0130SYONUMUZ"},"content":{"rendered":"<p><strong>M\u0130SYONUMUZ<\/strong><\/p>\n<p>Belirledi\u011fimiz bu vizyon \u00e7er\u00e7evesinde, m\u00fc\u015fterilerimize ve \u00e7al\u0131\u015fanlar\u0131m\u0131za, \u00fclkemize kaynak ve de\u011fer olu\u015fturan \u00f6rnek bir kurulu\u015f olmay\u0131 kendimize misyon edindik.<\/p>\n","protected":false},"excerpt":{"rendered":"<p>M\u0130SYONUMUZ Belirledi\u011fimiz bu vizyon \u00e7er\u00e7evesinde, m\u00fc\u015fterilerimize ve \u00e7al\u0131\u015fanlar\u0131m\u0131za, \u00fclkemize kaynak ve de\u011fer olu\u015fturan \u00f6rnek bir kurulu\u015f olmay\u0131 kendimize misyon edindik.<\/p>\n","protected":false},"author":2,"featured_media":0,"parent":0,"menu_order":0,"comment_status":"closed","ping_status":"closed","template":"","meta":{"footnotes":""},"class_list":["post-4069","page","type-page","status-publish","hentry"],"_links":{"self":[{"href":"https:\/\/burdoksan.com\/new\/wp-json\/wp\/v2\/pages\/4069","targetHints":{"allow":["GET"]}}],"collection":[{"href":"https:\/\/burdoksan.com\/new\/wp-json\/wp\/v2\/pages"}],"about":[{"href":"https:\/\/burdoksan.com\/new\/wp-json\/wp\/v2\/types\/page"}],"author":[{"embeddable":true,"href":"https:\/\/burdoksan.com\/new\/wp-json\/wp\/v2\/users\/2"}],"replies":[{"embeddable":true,"href":"https:\/\/burdoksan.com\/new\/wp-json\/wp\/v2\/comments?post=4069"}],"version-history":[{"count":5,"href":"https:\/\/burdoksan.com\/new\/wp-json\/wp\/v2\/pages\/4069\/revisions"}],"predecessor-version":[{"id":4619,"href":"https:\/\/burdoksan.com\/new\/wp-json\/wp\/v2\/pages\/4069\/revisions\/4619"}],"wp:attachment":[{"href":"https:\/\/burdoksan.com\/new\/wp-json\/wp\/v2\/media?parent=4069"}],"curies":[{"name":"wp","href":"https:\/\/api.w.org\/{rel}","templated":true}]}}