{"id":3997,"date":"2018-08-31T22:34:27","date_gmt":"2018-08-31T19:34:27","guid":{"rendered":"http:\/\/burdoksan.com\/new\/?page_id=3997"},"modified":"2018-12-25T20:40:43","modified_gmt":"2018-12-25T18:40:43","slug":"termal-analiz-incelemeleri","status":"publish","type":"page","link":"https:\/\/burdoksan.com\/new\/termal-analiz-incelemeleri\/","title":{"rendered":"TERMAL ANAL\u0130Z \u0130NCELEMELER\u0130"},"content":{"rendered":"<p><strong>TERMAL ANAL\u0130Z \u0130NCELEMELER\u0130<\/strong><\/p>\n<p>Firmam\u0131z b\u00fcnyesinde yap\u0131lan termal analiz testleri:<\/p>\n<ul>\n<li>S\u0131v\u0131 metal s\u0131cakl\u0131\u011f\u0131 testi<\/li>\n<li>S\u0131v\u0131 metal a\u015f\u0131 verimli\u011fi analizi<\/li>\n<\/ul>\n","protected":false},"excerpt":{"rendered":"<p>TERMAL ANAL\u0130Z \u0130NCELEMELER\u0130 Firmam\u0131z b\u00fcnyesinde yap\u0131lan termal analiz testleri: S\u0131v\u0131 metal s\u0131cakl\u0131\u011f\u0131 testi S\u0131v\u0131 metal a\u015f\u0131 verimli\u011fi analizi<\/p>\n","protected":false},"author":2,"featured_media":0,"parent":0,"menu_order":0,"comment_status":"closed","ping_status":"closed","template":"","meta":{"footnotes":""},"class_list":["post-3997","page","type-page","status-publish","hentry"],"_links":{"self":[{"href":"https:\/\/burdoksan.com\/new\/wp-json\/wp\/v2\/pages\/3997","targetHints":{"allow":["GET"]}}],"collection":[{"href":"https:\/\/burdoksan.com\/new\/wp-json\/wp\/v2\/pages"}],"about":[{"href":"https:\/\/burdoksan.com\/new\/wp-json\/wp\/v2\/types\/page"}],"author":[{"embeddable":true,"href":"https:\/\/burdoksan.com\/new\/wp-json\/wp\/v2\/users\/2"}],"replies":[{"embeddable":true,"href":"https:\/\/burdoksan.com\/new\/wp-json\/wp\/v2\/comments?post=3997"}],"version-history":[{"count":6,"href":"https:\/\/burdoksan.com\/new\/wp-json\/wp\/v2\/pages\/3997\/revisions"}],"predecessor-version":[{"id":4709,"href":"https:\/\/burdoksan.com\/new\/wp-json\/wp\/v2\/pages\/3997\/revisions\/4709"}],"wp:attachment":[{"href":"https:\/\/burdoksan.com\/new\/wp-json\/wp\/v2\/media?parent=3997"}],"curies":[{"name":"wp","href":"https:\/\/api.w.org\/{rel}","templated":true}]}}