{"id":3991,"date":"2018-08-31T22:33:24","date_gmt":"2018-08-31T19:33:24","guid":{"rendered":"http:\/\/burdoksan.com\/new\/?page_id=3991"},"modified":"2018-12-25T20:38:47","modified_gmt":"2018-12-25T18:38:47","slug":"mekanik-testler","status":"publish","type":"page","link":"https:\/\/burdoksan.com\/new\/mekanik-testler\/","title":{"rendered":"MEKAN\u0130K TESTLER"},"content":{"rendered":"<p><strong>MEKAN\u0130K TESTLER<\/strong><\/p>\n<p>Firmam\u0131z b\u00fcnyesinde yap\u0131lan mekanik testler:<\/p>\n<ul>\n<li>\u00c7ekme dayan\u0131m\u0131<\/li>\n<li>Akma dayan\u0131m\u0131<\/li>\n<li>Uzama dayan\u0131m\u0131<\/li>\n<li>Brinell 187,5 HBW<\/li>\n<li>Brinell 750 HBW<\/li>\n<li>Brinell 3000 HBW<\/li>\n<\/ul>\n<p><a href=\"http:\/\/burdoksan.com\/new\/wp-content\/uploads\/2018\/12\/mekank-testler-yazi-alti-foto-new.jpg\"><img loading=\"lazy\" decoding=\"async\" class=\"alignnone size-full wp-image-4634\" src=\"http:\/\/burdoksan.com\/new\/wp-content\/uploads\/2018\/12\/mekank-testler-yazi-alti-foto-new.jpg\" alt=\"\" width=\"1200\" height=\"603\" srcset=\"https:\/\/burdoksan.com\/new\/wp-content\/uploads\/2018\/12\/mekank-testler-yazi-alti-foto-new.jpg 1200w, https:\/\/burdoksan.com\/new\/wp-content\/uploads\/2018\/12\/mekank-testler-yazi-alti-foto-new-300x151.jpg 300w, https:\/\/burdoksan.com\/new\/wp-content\/uploads\/2018\/12\/mekank-testler-yazi-alti-foto-new-768x386.jpg 768w, https:\/\/burdoksan.com\/new\/wp-content\/uploads\/2018\/12\/mekank-testler-yazi-alti-foto-new-1024x515.jpg 1024w\" sizes=\"auto, (max-width: 1200px) 100vw, 1200px\" \/><\/a><\/p>\n","protected":false},"excerpt":{"rendered":"<p>MEKAN\u0130K TESTLER Firmam\u0131z b\u00fcnyesinde yap\u0131lan mekanik testler: \u00c7ekme dayan\u0131m\u0131 Akma dayan\u0131m\u0131 Uzama dayan\u0131m\u0131 Brinell 187,5 HBW Brinell 750 HBW Brinell 3000 HBW<\/p>\n","protected":false},"author":2,"featured_media":0,"parent":0,"menu_order":0,"comment_status":"closed","ping_status":"closed","template":"","meta":{"footnotes":""},"class_list":["post-3991","page","type-page","status-publish","hentry"],"_links":{"self":[{"href":"https:\/\/burdoksan.com\/new\/wp-json\/wp\/v2\/pages\/3991","targetHints":{"allow":["GET"]}}],"collection":[{"href":"https:\/\/burdoksan.com\/new\/wp-json\/wp\/v2\/pages"}],"about":[{"href":"https:\/\/burdoksan.com\/new\/wp-json\/wp\/v2\/types\/page"}],"author":[{"embeddable":true,"href":"https:\/\/burdoksan.com\/new\/wp-json\/wp\/v2\/users\/2"}],"replies":[{"embeddable":true,"href":"https:\/\/burdoksan.com\/new\/wp-json\/wp\/v2\/comments?post=3991"}],"version-history":[{"count":5,"href":"https:\/\/burdoksan.com\/new\/wp-json\/wp\/v2\/pages\/3991\/revisions"}],"predecessor-version":[{"id":4705,"href":"https:\/\/burdoksan.com\/new\/wp-json\/wp\/v2\/pages\/3991\/revisions\/4705"}],"wp:attachment":[{"href":"https:\/\/burdoksan.com\/new\/wp-json\/wp\/v2\/media?parent=3991"}],"curies":[{"name":"wp","href":"https:\/\/api.w.org\/{rel}","templated":true}]}}