{"id":5395,"date":"2019-12-26T22:20:07","date_gmt":"2019-12-26T19:20:07","guid":{"rendered":"http:\/\/burdoksan.com\/new\/?page_id=5395"},"modified":"2020-08-20T21:47:33","modified_gmt":"2020-08-20T18:47:33","slug":"burdoksan-kisisel-veri-sahibi-basvuru-formu","status":"publish","type":"page","link":"http:\/\/burdoksan.com\/new\/burdoksan-kisisel-veri-sahibi-basvuru-formu\/","title":{"rendered":"BURD\u00d6KSAN K\u0130\u015e\u0130SEL VER\u0130 SAH\u0130B\u0130 BA\u015eVURU FORMU"},"content":{"rendered":"<p><strong>BURD\u00d6KSAN D\u00d6K\u00dcM MADENC\u0130L\u0130K NAKL\u0130YAT T\u0130CARET SANAY\u0130 L\u0130M\u0130TED \u015e\u0130RKET\u0130 <\/strong><strong>K\u0130\u015e\u0130SEL VER\u0130 SAH\u0130B\u0130 BA\u015eVURU FORMU<\/strong><\/p>\n<p>***<\/p>\n<p><span style=\"color: #ff0000;\"><strong>Download \/ \u0130ndir &#8211; Link<\/strong><\/span><br \/>\n<a href=\"http:\/\/burdoksan.com\/new\/wp-content\/uploads\/2020\/08\/Kisisel-Veri-Sahibi-Basvuru-Formu.docx\">Ki\u015fisel Veri Sahibi Ba\u015fvuru Formu (\u0130ndir-Download)<\/a><\/p>\n","protected":false},"excerpt":{"rendered":"<p>BURD\u00d6KSAN D\u00d6K\u00dcM MADENC\u0130L\u0130K NAKL\u0130YAT T\u0130CARET SANAY\u0130 L\u0130M\u0130TED \u015e\u0130RKET\u0130 K\u0130\u015e\u0130SEL VER\u0130 SAH\u0130B\u0130 BA\u015eVURU FORMU *** Download \/ \u0130ndir &#8211; Link Ki\u015fisel Veri Sahibi Ba\u015fvuru Formu (\u0130ndir-Download)<\/p>\n","protected":false},"author":2,"featured_media":0,"parent":0,"menu_order":0,"comment_status":"closed","ping_status":"closed","template":"","meta":{"footnotes":""},"class_list":["post-5395","page","type-page","status-publish","hentry"],"_links":{"self":[{"href":"http:\/\/burdoksan.com\/new\/wp-json\/wp\/v2\/pages\/5395","targetHints":{"allow":["GET"]}}],"collection":[{"href":"http:\/\/burdoksan.com\/new\/wp-json\/wp\/v2\/pages"}],"about":[{"href":"http:\/\/burdoksan.com\/new\/wp-json\/wp\/v2\/types\/page"}],"author":[{"embeddable":true,"href":"http:\/\/burdoksan.com\/new\/wp-json\/wp\/v2\/users\/2"}],"replies":[{"embeddable":true,"href":"http:\/\/burdoksan.com\/new\/wp-json\/wp\/v2\/comments?post=5395"}],"version-history":[{"count":7,"href":"http:\/\/burdoksan.com\/new\/wp-json\/wp\/v2\/pages\/5395\/revisions"}],"predecessor-version":[{"id":5430,"href":"http:\/\/burdoksan.com\/new\/wp-json\/wp\/v2\/pages\/5395\/revisions\/5430"}],"wp:attachment":[{"href":"http:\/\/burdoksan.com\/new\/wp-json\/wp\/v2\/media?parent=5395"}],"curies":[{"name":"wp","href":"https:\/\/api.w.org\/{rel}","templated":true}]}}