{"id":5094,"date":"2018-08-31T22:31:42","date_gmt":"2018-08-31T19:31:42","guid":{"rendered":"http:\/\/burdoksan.com\/new\/?page_id=5094"},"modified":"2026-01-18T22:35:36","modified_gmt":"2026-01-18T19:35:36","slug":"company-profile","status":"publish","type":"page","link":"http:\/\/burdoksan.com\/new\/company-profile\/","title":{"rendered":"COMPANY PROFILE"},"content":{"rendered":"<p><strong><u>COMPANY PROFILE<br \/>\n<\/u><\/strong><\/p>\n<p>BURD\u00d6KSAN<span data-src-align=\"42:1\">,<\/span>\u00a0which\u00a0<span data-src-align=\"24:8\">began<\/span>\u00a0<span data-src-align=\"14:9\">operations<\/span>\u00a0<span data-src-align=\"10:3\">in<\/span>\u00a0<span data-src-align=\"0:5:83:5:94:10\">September<\/span>\u00a0<span data-src-align=\"6:4\">2004<\/span>, was\u00a0<span data-src-align=\"69:8\">founded<\/span>\u00a0<span data-src-align=\"58:10\">by<\/span>\u00a0the\u00a0<span data-src-align=\"44:6:127:6\">Karaca<\/span>\u00a0<span data-src-align=\"51:6\">Family<\/span>\u00a0<span data-src-align=\"117:2\">and<\/span>\u00a0<span data-src-align=\"78:4\">as<\/span>\u00a0of September\u00a0<span data-src-align=\"89:4\">2025<\/span>\u00a0<span data-src-align=\"160:16\">continues<\/span>\u00a0to be\u00a0<span data-src-align=\"148:11\">managed<\/span>\u00a0by the\u00a0<span data-src-align=\"134:9\">partnership<\/span>\u00a0of\u00a0<span data-src-align=\"105:4\">UFUK<\/span>\u00a0<span data-src-align=\"110:6\">CO\u015eKUN<\/span>\u00a0and M\u00fcrsel KARACA<span data-src-align=\"176:1\">.<\/span><\/p>\n<p>BURD\u00d6KSAN has modern cold and hot coremaking machine, production systems, induction furnaces, sand preparation systems, horizontal and vertical molding lines, hanging, drum and canal sand blasting units and production equipment which can meet all needs of automotive, machinery, heat industry and hydraulic industry sectors. In addition, with our fully equipped casting laboratory, our products are subjected to chemical, metallographic and mechanical tests to guarantee the quality of the products we produce and customer satisfaction.<\/p>\n<p>BURD\u00d6KSAN is a trademark in the foundry sector and our trademark is registered by Turkish Patent Institute.<\/p>\n<p>Our company with its professional staff at every point of production, continues to serve in Bursa Kayapa Industrial Zone with a production capacity of 18000 tons \/ year and a total area of 7950 m\u00b2 with 6200 m\u00b2 closed area.<\/p>\n<p>BURD\u00d6KSAN is the pioneer of its sector with its superior technology and customer satisfaction is observed at every stage of production beginning from raw material. Our company has the principle of responding to the expectations in a timely manner with reasonable prices, assures the customer satisfaction with its speed and flexibility.<\/p>\n<p><strong><u>SCOPE \u00a0: <\/u><\/strong><\/p>\n<p>As BURD\u00d6KSAN D\u00d6K\u00dcM SANAY\u0130 A.\u015e. we cover all processes and processes interactions determined in order to realize raw and machined parts production and sales activities of ductile and gray cast iron.<\/p>\n<p>Employee Profile :<\/p>\n<ul>\n<li>20 White collar<\/li>\n<li>65 Blue collar<\/li>\n<\/ul>\n<p>&nbsp;<\/p>\n","protected":false},"excerpt":{"rendered":"<p>COMPANY PROFILE BURD\u00d6KSAN,\u00a0which\u00a0began\u00a0operations\u00a0in\u00a0September\u00a02004, was\u00a0founded\u00a0by\u00a0the\u00a0Karaca\u00a0Family\u00a0and\u00a0as\u00a0of September\u00a02025\u00a0continues\u00a0to be\u00a0managed\u00a0by the\u00a0partnership\u00a0of\u00a0UFUK\u00a0CO\u015eKUN\u00a0and M\u00fcrsel KARACA. BURD\u00d6KSAN has modern cold and hot coremaking machine, production systems, induction furnaces, sand preparation systems, horizontal and vertical molding lines, hanging, drum and canal sand blasting units and production equipment which can meet all needs of automotive, machinery, heat industry and hydraulic industry sectors. In addition, [&hellip;]<\/p>\n","protected":false},"author":1,"featured_media":0,"parent":0,"menu_order":0,"comment_status":"closed","ping_status":"closed","template":"","meta":{"footnotes":""},"class_list":["post-5094","page","type-page","status-publish","hentry"],"_links":{"self":[{"href":"http:\/\/burdoksan.com\/new\/wp-json\/wp\/v2\/pages\/5094","targetHints":{"allow":["GET"]}}],"collection":[{"href":"http:\/\/burdoksan.com\/new\/wp-json\/wp\/v2\/pages"}],"about":[{"href":"http:\/\/burdoksan.com\/new\/wp-json\/wp\/v2\/types\/page"}],"author":[{"embeddable":true,"href":"http:\/\/burdoksan.com\/new\/wp-json\/wp\/v2\/users\/1"}],"replies":[{"embeddable":true,"href":"http:\/\/burdoksan.com\/new\/wp-json\/wp\/v2\/comments?post=5094"}],"version-history":[{"count":4,"href":"http:\/\/burdoksan.com\/new\/wp-json\/wp\/v2\/pages\/5094\/revisions"}],"predecessor-version":[{"id":5502,"href":"http:\/\/burdoksan.com\/new\/wp-json\/wp\/v2\/pages\/5094\/revisions\/5502"}],"wp:attachment":[{"href":"http:\/\/burdoksan.com\/new\/wp-json\/wp\/v2\/media?parent=5094"}],"curies":[{"name":"wp","href":"https:\/\/api.w.org\/{rel}","templated":true}]}}