{"id":4167,"date":"2018-09-22T20:36:14","date_gmt":"2018-09-22T17:36:14","guid":{"rendered":"http:\/\/burdoksan.com\/new\/?page_id=4167"},"modified":"2018-12-27T20:38:55","modified_gmt":"2018-12-27T18:38:55","slug":"kalite-kontrol","status":"publish","type":"page","link":"http:\/\/burdoksan.com\/new\/kalite-kontrol\/","title":{"rendered":"KAL\u0130TE KONTROL"},"content":{"rendered":"<p><strong>KAL\u0130TE KONTROL<\/strong><\/p>\n<p>Firmam\u0131zda \u00fcretimi yap\u0131lan pik ve sfero \u00fcr\u00fcnlerin hammadde giri\u015finden sevk edilmesine kadar olan t\u00fcm prosesler geli\u015fmi\u015f \u00f6l\u00e7\u00fcm ve test cihazlar\u0131 ile analiz edilerek kontrol alt\u0131nda yap\u0131lmaktad\u0131r. Yap\u0131lan t\u00fcm testlerin de\u011ferleri\u00a0 TS en 10204 standartd\u0131na\u00a0 g\u00f6re 3.1 sertikas\u0131 d\u00fczenlelerek m\u00fcsterilerimize g\u00f6nderilmektedir.<\/p>\n","protected":false},"excerpt":{"rendered":"<p>KAL\u0130TE KONTROL Firmam\u0131zda \u00fcretimi yap\u0131lan pik ve sfero \u00fcr\u00fcnlerin hammadde giri\u015finden sevk edilmesine kadar olan t\u00fcm prosesler geli\u015fmi\u015f \u00f6l\u00e7\u00fcm ve test cihazlar\u0131 ile analiz edilerek kontrol alt\u0131nda yap\u0131lmaktad\u0131r. Yap\u0131lan t\u00fcm testlerin de\u011ferleri\u00a0 TS en 10204 standartd\u0131na\u00a0 g\u00f6re 3.1 sertikas\u0131 d\u00fczenlelerek m\u00fcsterilerimize g\u00f6nderilmektedir.<\/p>\n","protected":false},"author":2,"featured_media":0,"parent":0,"menu_order":0,"comment_status":"closed","ping_status":"closed","template":"","meta":{"footnotes":""},"class_list":["post-4167","page","type-page","status-publish","hentry"],"_links":{"self":[{"href":"http:\/\/burdoksan.com\/new\/wp-json\/wp\/v2\/pages\/4167","targetHints":{"allow":["GET"]}}],"collection":[{"href":"http:\/\/burdoksan.com\/new\/wp-json\/wp\/v2\/pages"}],"about":[{"href":"http:\/\/burdoksan.com\/new\/wp-json\/wp\/v2\/types\/page"}],"author":[{"embeddable":true,"href":"http:\/\/burdoksan.com\/new\/wp-json\/wp\/v2\/users\/2"}],"replies":[{"embeddable":true,"href":"http:\/\/burdoksan.com\/new\/wp-json\/wp\/v2\/comments?post=4167"}],"version-history":[{"count":5,"href":"http:\/\/burdoksan.com\/new\/wp-json\/wp\/v2\/pages\/4167\/revisions"}],"predecessor-version":[{"id":4745,"href":"http:\/\/burdoksan.com\/new\/wp-json\/wp\/v2\/pages\/4167\/revisions\/4745"}],"wp:attachment":[{"href":"http:\/\/burdoksan.com\/new\/wp-json\/wp\/v2\/media?parent=4167"}],"curies":[{"name":"wp","href":"https:\/\/api.w.org\/{rel}","templated":true}]}}