{"id":4073,"date":"2018-08-31T22:57:47","date_gmt":"2018-08-31T19:57:47","guid":{"rendered":"http:\/\/burdoksan.com\/new\/?page_id=4073"},"modified":"2018-12-25T20:36:20","modified_gmt":"2018-12-25T18:36:20","slug":"hizmet-anlayisimiz","status":"publish","type":"page","link":"http:\/\/burdoksan.com\/new\/hizmet-anlayisimiz\/","title":{"rendered":"H\u0130ZMET ANLAYI\u015eIMIZ"},"content":{"rendered":"<p><strong>H\u0130ZMET ANLAYI\u015eIMIZ<\/strong><\/p>\n<ul>\n<li>M\u00fc\u015fteri taleplerinin ve beklentilerinin \u00fczerinde hizmet tedari\u011fi<\/li>\n<li>%100 zaman\u0131nda teslimat performans\u0131.<\/li>\n<li>Talep edilen spesifikasyonlara uygun \u00fcretim i\u00e7in s\u0131k\u0131 proses kontrol\u00fc.<\/li>\n<\/ul>\n","protected":false},"excerpt":{"rendered":"<p>H\u0130ZMET ANLAYI\u015eIMIZ M\u00fc\u015fteri taleplerinin ve beklentilerinin \u00fczerinde hizmet tedari\u011fi %100 zaman\u0131nda teslimat performans\u0131. Talep edilen spesifikasyonlara uygun \u00fcretim i\u00e7in s\u0131k\u0131 proses kontrol\u00fc.<\/p>\n","protected":false},"author":2,"featured_media":0,"parent":0,"menu_order":0,"comment_status":"closed","ping_status":"closed","template":"","meta":{"footnotes":""},"class_list":["post-4073","page","type-page","status-publish","hentry"],"_links":{"self":[{"href":"http:\/\/burdoksan.com\/new\/wp-json\/wp\/v2\/pages\/4073","targetHints":{"allow":["GET"]}}],"collection":[{"href":"http:\/\/burdoksan.com\/new\/wp-json\/wp\/v2\/pages"}],"about":[{"href":"http:\/\/burdoksan.com\/new\/wp-json\/wp\/v2\/types\/page"}],"author":[{"embeddable":true,"href":"http:\/\/burdoksan.com\/new\/wp-json\/wp\/v2\/users\/2"}],"replies":[{"embeddable":true,"href":"http:\/\/burdoksan.com\/new\/wp-json\/wp\/v2\/comments?post=4073"}],"version-history":[{"count":6,"href":"http:\/\/burdoksan.com\/new\/wp-json\/wp\/v2\/pages\/4073\/revisions"}],"predecessor-version":[{"id":4704,"href":"http:\/\/burdoksan.com\/new\/wp-json\/wp\/v2\/pages\/4073\/revisions\/4704"}],"wp:attachment":[{"href":"http:\/\/burdoksan.com\/new\/wp-json\/wp\/v2\/media?parent=4073"}],"curies":[{"name":"wp","href":"https:\/\/api.w.org\/{rel}","templated":true}]}}