{"id":4071,"date":"2018-08-31T22:57:25","date_gmt":"2018-08-31T19:57:25","guid":{"rendered":"http:\/\/burdoksan.com\/new\/?page_id=4071"},"modified":"2018-12-23T13:04:01","modified_gmt":"2018-12-23T11:04:01","slug":"vizyonumuz","status":"publish","type":"page","link":"http:\/\/burdoksan.com\/new\/vizyonumuz\/","title":{"rendered":"V\u0130ZYONUMUZ"},"content":{"rendered":"<p><strong>V\u0130ZYONUMUZ<\/strong><\/p>\n<p>S\u00fcrekli geli\u015fme d\u00fc\u015f\u00fcncesinden hareketle sorgulayan, yenilikleri destekleyen y\u00f6netim ve personel altyap\u0131s\u0131 ile m\u00fc\u015fteri beklentilerini kar\u015f\u0131layan, k\u00fcresel pazarda s\u00f6z sahibi bir i\u015fletme olmak. Sosyal, k\u00fclt\u00fcrel faaliyetlere ve \u00e7evresel etkilere duyarl\u0131, bulundu\u011fu konumda tercih edilen bir \u00fcretici ve i\u015fveren olmak.<\/p>\n","protected":false},"excerpt":{"rendered":"<p>V\u0130ZYONUMUZ S\u00fcrekli geli\u015fme d\u00fc\u015f\u00fcncesinden hareketle sorgulayan, yenilikleri destekleyen y\u00f6netim ve personel altyap\u0131s\u0131 ile m\u00fc\u015fteri beklentilerini kar\u015f\u0131layan, k\u00fcresel pazarda s\u00f6z sahibi bir i\u015fletme olmak. Sosyal, k\u00fclt\u00fcrel faaliyetlere ve \u00e7evresel etkilere duyarl\u0131, bulundu\u011fu konumda tercih edilen bir \u00fcretici ve i\u015fveren olmak.<\/p>\n","protected":false},"author":2,"featured_media":0,"parent":0,"menu_order":0,"comment_status":"closed","ping_status":"closed","template":"","meta":{"footnotes":""},"class_list":["post-4071","page","type-page","status-publish","hentry"],"_links":{"self":[{"href":"http:\/\/burdoksan.com\/new\/wp-json\/wp\/v2\/pages\/4071","targetHints":{"allow":["GET"]}}],"collection":[{"href":"http:\/\/burdoksan.com\/new\/wp-json\/wp\/v2\/pages"}],"about":[{"href":"http:\/\/burdoksan.com\/new\/wp-json\/wp\/v2\/types\/page"}],"author":[{"embeddable":true,"href":"http:\/\/burdoksan.com\/new\/wp-json\/wp\/v2\/users\/2"}],"replies":[{"embeddable":true,"href":"http:\/\/burdoksan.com\/new\/wp-json\/wp\/v2\/comments?post=4071"}],"version-history":[{"count":5,"href":"http:\/\/burdoksan.com\/new\/wp-json\/wp\/v2\/pages\/4071\/revisions"}],"predecessor-version":[{"id":4509,"href":"http:\/\/burdoksan.com\/new\/wp-json\/wp\/v2\/pages\/4071\/revisions\/4509"}],"wp:attachment":[{"href":"http:\/\/burdoksan.com\/new\/wp-json\/wp\/v2\/media?parent=4071"}],"curies":[{"name":"wp","href":"https:\/\/api.w.org\/{rel}","templated":true}]}}