{"id":4027,"date":"2019-02-03T19:39:41","date_gmt":"2019-02-03T17:39:41","guid":{"rendered":"http:\/\/burdoksan.com\/new\/?page_id=4027"},"modified":"2018-12-27T21:12:44","modified_gmt":"2018-12-27T19:12:44","slug":"hidrolik-urunler","status":"publish","type":"page","link":"http:\/\/burdoksan.com\/new\/hidrolik-urunler\/","title":{"rendered":"H\u0130DROL\u0130K \u00dcR\u00dcNLER"},"content":{"rendered":"","protected":false},"excerpt":{"rendered":"","protected":false},"author":2,"featured_media":0,"parent":0,"menu_order":0,"comment_status":"closed","ping_status":"closed","template":"","meta":{"footnotes":""},"class_list":["post-4027","page","type-page","status-publish","hentry"],"_links":{"self":[{"href":"http:\/\/burdoksan.com\/new\/wp-json\/wp\/v2\/pages\/4027","targetHints":{"allow":["GET"]}}],"collection":[{"href":"http:\/\/burdoksan.com\/new\/wp-json\/wp\/v2\/pages"}],"about":[{"href":"http:\/\/burdoksan.com\/new\/wp-json\/wp\/v2\/types\/page"}],"author":[{"embeddable":true,"href":"http:\/\/burdoksan.com\/new\/wp-json\/wp\/v2\/users\/2"}],"replies":[{"embeddable":true,"href":"http:\/\/burdoksan.com\/new\/wp-json\/wp\/v2\/comments?post=4027"}],"version-history":[{"count":5,"href":"http:\/\/burdoksan.com\/new\/wp-json\/wp\/v2\/pages\/4027\/revisions"}],"predecessor-version":[{"id":4759,"href":"http:\/\/burdoksan.com\/new\/wp-json\/wp\/v2\/pages\/4027\/revisions\/4759"}],"wp:attachment":[{"href":"http:\/\/burdoksan.com\/new\/wp-json\/wp\/v2\/media?parent=4027"}],"curies":[{"name":"wp","href":"https:\/\/api.w.org\/{rel}","templated":true}]}}