{"id":4015,"date":"2018-08-31T22:37:57","date_gmt":"2018-08-31T19:37:57","guid":{"rendered":"http:\/\/burdoksan.com\/new\/?page_id=4015"},"modified":"2018-12-25T21:34:41","modified_gmt":"2018-12-25T19:34:41","slug":"talasli-uretim","status":"publish","type":"page","link":"http:\/\/burdoksan.com\/new\/talasli-uretim\/","title":{"rendered":"TALA\u015eLI \u00dcRET\u0130M"},"content":{"rendered":"","protected":false},"excerpt":{"rendered":"","protected":false},"author":2,"featured_media":0,"parent":0,"menu_order":0,"comment_status":"closed","ping_status":"closed","template":"","meta":{"footnotes":""},"class_list":["post-4015","page","type-page","status-publish","hentry"],"_links":{"self":[{"href":"http:\/\/burdoksan.com\/new\/wp-json\/wp\/v2\/pages\/4015","targetHints":{"allow":["GET"]}}],"collection":[{"href":"http:\/\/burdoksan.com\/new\/wp-json\/wp\/v2\/pages"}],"about":[{"href":"http:\/\/burdoksan.com\/new\/wp-json\/wp\/v2\/types\/page"}],"author":[{"embeddable":true,"href":"http:\/\/burdoksan.com\/new\/wp-json\/wp\/v2\/users\/2"}],"replies":[{"embeddable":true,"href":"http:\/\/burdoksan.com\/new\/wp-json\/wp\/v2\/comments?post=4015"}],"version-history":[{"count":5,"href":"http:\/\/burdoksan.com\/new\/wp-json\/wp\/v2\/pages\/4015\/revisions"}],"predecessor-version":[{"id":4729,"href":"http:\/\/burdoksan.com\/new\/wp-json\/wp\/v2\/pages\/4015\/revisions\/4729"}],"wp:attachment":[{"href":"http:\/\/burdoksan.com\/new\/wp-json\/wp\/v2\/media?parent=4015"}],"curies":[{"name":"wp","href":"https:\/\/api.w.org\/{rel}","templated":true}]}}