{"id":4009,"date":"2018-08-31T22:36:45","date_gmt":"2018-08-31T19:36:45","guid":{"rendered":"http:\/\/burdoksan.com\/new\/?page_id=4009"},"modified":"2026-01-17T23:57:05","modified_gmt":"2026-01-17T20:57:05","slug":"saglik-ve-is-guvenligi","status":"publish","type":"page","link":"http:\/\/burdoksan.com\/new\/saglik-ve-is-guvenligi\/","title":{"rendered":"\u0130\u015e SA\u011eLI\u011eI G\u00dcVENL\u0130\u011e\u0130 POL\u0130T\u0130KAMIZ"},"content":{"rendered":"<p><strong>\u0130\u015e SA\u011eLI\u011eI G\u00dcVENL\u0130\u011e\u0130 POL\u0130T\u0130KAMIZ<\/strong><\/p>\n<p>Kurulu\u015fumuz kontrol\u00fc alt\u0131nda \u00e7al\u0131\u015fanlar\u0131n i\u015f kazas\u0131 ve meslek hastal\u0131\u011f\u0131 ya\u015famalar\u0131n\u0131 \u00f6nlemek i\u00e7in \u00e7al\u0131\u015fmalar y\u00fcr\u00fcterek, tehlike kaynaklar\u0131n\u0131 azaltmak, riskleri \u00f6nlemek<\/p>\n<p>Faaliyetlerimiz kapsam\u0131nda uymakla y\u00fck\u00fcml\u00fc oldu\u011fumuz \u0130SG yasal ve di\u011fer gereklilikleri yerine getirmek.<br \/>\nBURD\u00d6KSAN ailesi olarak t\u00fcm \u00e7al\u0131\u015fanlar\u0131m\u0131z\u0131n i\u015f sa\u011fl\u0131\u011f\u0131 g\u00fcvenli\u011fi konular\u0131nda gereken bilincin ve k\u00fclt\u00fcr\u00fcn olu\u015fturulmas\u0131 hedefi ile \u00e7al\u0131\u015fan kat\u0131l\u0131m\u0131 ve dan\u0131\u015fmas\u0131n\u0131 sa\u011flamak ve sistemi s\u00fcrekli iyile\u015ftirmek taahh\u00fcd\u00fcndeyiz.<\/p>\n<p><img loading=\"lazy\" decoding=\"async\" class=\"wp-image-5493  aligncenter\" src=\"http:\/\/burdoksan.com\/new\/wp-content\/uploads\/2026\/01\/ISO_45001_EN_00-205x300.png\" alt=\"\" width=\"362\" height=\"530\" srcset=\"http:\/\/burdoksan.com\/new\/wp-content\/uploads\/2026\/01\/ISO_45001_EN_00-205x300.png 205w, http:\/\/burdoksan.com\/new\/wp-content\/uploads\/2026\/01\/ISO_45001_EN_00-701x1024.png 701w, http:\/\/burdoksan.com\/new\/wp-content\/uploads\/2026\/01\/ISO_45001_EN_00-768x1123.png 768w, http:\/\/burdoksan.com\/new\/wp-content\/uploads\/2026\/01\/ISO_45001_EN_00-1051x1536.png 1051w, http:\/\/burdoksan.com\/new\/wp-content\/uploads\/2026\/01\/ISO_45001_EN_00-1401x2048.png 1401w, http:\/\/burdoksan.com\/new\/wp-content\/uploads\/2026\/01\/ISO_45001_EN_00-scaled.png 1751w\" sizes=\"auto, (max-width: 362px) 100vw, 362px\" \/><\/p>\n","protected":false},"excerpt":{"rendered":"<p>\u0130\u015e SA\u011eLI\u011eI G\u00dcVENL\u0130\u011e\u0130 POL\u0130T\u0130KAMIZ Kurulu\u015fumuz kontrol\u00fc alt\u0131nda \u00e7al\u0131\u015fanlar\u0131n i\u015f kazas\u0131 ve meslek hastal\u0131\u011f\u0131 ya\u015famalar\u0131n\u0131 \u00f6nlemek i\u00e7in \u00e7al\u0131\u015fmalar y\u00fcr\u00fcterek, tehlike kaynaklar\u0131n\u0131 azaltmak, riskleri \u00f6nlemek Faaliyetlerimiz kapsam\u0131nda uymakla y\u00fck\u00fcml\u00fc oldu\u011fumuz \u0130SG yasal ve di\u011fer gereklilikleri yerine getirmek. BURD\u00d6KSAN ailesi olarak t\u00fcm \u00e7al\u0131\u015fanlar\u0131m\u0131z\u0131n i\u015f sa\u011fl\u0131\u011f\u0131 g\u00fcvenli\u011fi konular\u0131nda gereken bilincin ve k\u00fclt\u00fcr\u00fcn olu\u015fturulmas\u0131 hedefi ile \u00e7al\u0131\u015fan kat\u0131l\u0131m\u0131 ve dan\u0131\u015fmas\u0131n\u0131 [&hellip;]<\/p>\n","protected":false},"author":2,"featured_media":0,"parent":0,"menu_order":0,"comment_status":"closed","ping_status":"closed","template":"","meta":{"footnotes":""},"class_list":["post-4009","page","type-page","status-publish","hentry"],"_links":{"self":[{"href":"http:\/\/burdoksan.com\/new\/wp-json\/wp\/v2\/pages\/4009","targetHints":{"allow":["GET"]}}],"collection":[{"href":"http:\/\/burdoksan.com\/new\/wp-json\/wp\/v2\/pages"}],"about":[{"href":"http:\/\/burdoksan.com\/new\/wp-json\/wp\/v2\/types\/page"}],"author":[{"embeddable":true,"href":"http:\/\/burdoksan.com\/new\/wp-json\/wp\/v2\/users\/2"}],"replies":[{"embeddable":true,"href":"http:\/\/burdoksan.com\/new\/wp-json\/wp\/v2\/comments?post=4009"}],"version-history":[{"count":6,"href":"http:\/\/burdoksan.com\/new\/wp-json\/wp\/v2\/pages\/4009\/revisions"}],"predecessor-version":[{"id":5499,"href":"http:\/\/burdoksan.com\/new\/wp-json\/wp\/v2\/pages\/4009\/revisions\/5499"}],"wp:attachment":[{"href":"http:\/\/burdoksan.com\/new\/wp-json\/wp\/v2\/media?parent=4009"}],"curies":[{"name":"wp","href":"https:\/\/api.w.org\/{rel}","templated":true}]}}