{"id":4007,"date":"2018-08-31T22:36:22","date_gmt":"2018-08-31T19:36:22","guid":{"rendered":"http:\/\/burdoksan.com\/new\/?page_id=4007"},"modified":"2026-01-17T23:55:02","modified_gmt":"2026-01-17T20:55:02","slug":"cevre-politikalari","status":"publish","type":"page","link":"http:\/\/burdoksan.com\/new\/cevre-politikalari\/","title":{"rendered":"\u00c7EVRE POL\u0130T\u0130KAMIZ"},"content":{"rendered":"<p>Gri ve sfero d\u00f6k\u00fcm par\u00e7a \u00fcretim ve ticaretini yapan Burd\u00f6ksan; t\u00fcm \u00fcr\u00fcnlerinde, faaliyetlerinin her a\u015famas\u0131nda \u00e7evreye duyarl\u0131 olma anlay\u0131\u015f\u0131n\u0131n gereklerini etkin bir \u015fekilde uygulayarak \u00e7evreyi korumay\u0131, kirlili\u011fi azaltmak i\u00e7in \u00f6ncelikli olarak geri kazan\u0131m ve yeniden de\u011ferlendirme faaliyetlerini desteklemeyi, at\u0131k miktar\u0131n\u0131 azaltmay\u0131 taahh\u00fct etmektedir.<\/p>\n<p>\u00c7evre y\u00f6netim sistemini uygularken yasal ve di\u011fer gerekliliklere de uyarak sistemi s\u00fcrekli iyile\u015ftirmeyi taahh\u00fct eder.<\/p>\n<p><img loading=\"lazy\" decoding=\"async\" class=\"wp-image-5495  aligncenter\" src=\"http:\/\/burdoksan.com\/new\/wp-content\/uploads\/2026\/01\/ISO_14001_TR_00-205x300.png\" alt=\"\" width=\"362\" height=\"530\" srcset=\"http:\/\/burdoksan.com\/new\/wp-content\/uploads\/2026\/01\/ISO_14001_TR_00-205x300.png 205w, http:\/\/burdoksan.com\/new\/wp-content\/uploads\/2026\/01\/ISO_14001_TR_00-701x1024.png 701w, http:\/\/burdoksan.com\/new\/wp-content\/uploads\/2026\/01\/ISO_14001_TR_00-768x1123.png 768w, http:\/\/burdoksan.com\/new\/wp-content\/uploads\/2026\/01\/ISO_14001_TR_00-1051x1536.png 1051w, http:\/\/burdoksan.com\/new\/wp-content\/uploads\/2026\/01\/ISO_14001_TR_00-1401x2048.png 1401w, http:\/\/burdoksan.com\/new\/wp-content\/uploads\/2026\/01\/ISO_14001_TR_00-scaled.png 1751w\" sizes=\"auto, (max-width: 362px) 100vw, 362px\" \/><\/p>\n","protected":false},"excerpt":{"rendered":"<p>Gri ve sfero d\u00f6k\u00fcm par\u00e7a \u00fcretim ve ticaretini yapan Burd\u00f6ksan; t\u00fcm \u00fcr\u00fcnlerinde, faaliyetlerinin her a\u015famas\u0131nda \u00e7evreye duyarl\u0131 olma anlay\u0131\u015f\u0131n\u0131n gereklerini etkin bir \u015fekilde uygulayarak \u00e7evreyi korumay\u0131, kirlili\u011fi azaltmak i\u00e7in \u00f6ncelikli olarak geri kazan\u0131m ve yeniden de\u011ferlendirme faaliyetlerini desteklemeyi, at\u0131k miktar\u0131n\u0131 azaltmay\u0131 taahh\u00fct etmektedir. \u00c7evre y\u00f6netim sistemini uygularken yasal ve di\u011fer gerekliliklere de uyarak sistemi s\u00fcrekli [&hellip;]<\/p>\n","protected":false},"author":2,"featured_media":0,"parent":0,"menu_order":0,"comment_status":"closed","ping_status":"closed","template":"","meta":{"footnotes":""},"class_list":["post-4007","page","type-page","status-publish","hentry"],"_links":{"self":[{"href":"http:\/\/burdoksan.com\/new\/wp-json\/wp\/v2\/pages\/4007","targetHints":{"allow":["GET"]}}],"collection":[{"href":"http:\/\/burdoksan.com\/new\/wp-json\/wp\/v2\/pages"}],"about":[{"href":"http:\/\/burdoksan.com\/new\/wp-json\/wp\/v2\/types\/page"}],"author":[{"embeddable":true,"href":"http:\/\/burdoksan.com\/new\/wp-json\/wp\/v2\/users\/2"}],"replies":[{"embeddable":true,"href":"http:\/\/burdoksan.com\/new\/wp-json\/wp\/v2\/comments?post=4007"}],"version-history":[{"count":5,"href":"http:\/\/burdoksan.com\/new\/wp-json\/wp\/v2\/pages\/4007\/revisions"}],"predecessor-version":[{"id":5497,"href":"http:\/\/burdoksan.com\/new\/wp-json\/wp\/v2\/pages\/4007\/revisions\/5497"}],"wp:attachment":[{"href":"http:\/\/burdoksan.com\/new\/wp-json\/wp\/v2\/media?parent=4007"}],"curies":[{"name":"wp","href":"https:\/\/api.w.org\/{rel}","templated":true}]}}