{"id":4005,"date":"2018-08-31T22:35:59","date_gmt":"2018-08-31T19:35:59","guid":{"rendered":"http:\/\/burdoksan.com\/new\/?page_id=4005"},"modified":"2026-03-10T11:57:28","modified_gmt":"2026-03-10T08:57:28","slug":"urun-kalitesinin-surekliligi","status":"publish","type":"page","link":"http:\/\/burdoksan.com\/new\/urun-kalitesinin-surekliligi\/","title":{"rendered":"KAL\u0130TE POL\u0130T\u0130KAMIZ"},"content":{"rendered":"<p><strong>KAL\u0130TE POL\u0130T\u0130KAMIZ<\/strong><\/p>\n<p>BURD\u00d6KSAN olarak \u00fcretimini yapt\u0131\u011f\u0131m\u0131z pik ve sfero d\u00f6k\u00fcm \u00fcr\u00fcnlerinin hammadde tedarik edilmesinden son kullan\u0131c\u0131ya kadar olan t\u00fcm s\u00fcre\u00e7te \u00fcr\u00fcn g\u00fcvenli\u011fini, kalitesini ve m\u00fc\u015fteri memnuniyetini \u00f6n planda tutarak \u00fcretim faaliyetini ger\u00e7ekle\u015ftirmektedir.<\/p>\n<p>2016 y\u0131l\u0131ndan itibaren otomotiv sekt\u00f6r\u00fcn\u00fcn en \u00fcst standard\u0131 olan IATF 16949 gerekliliklerini sa\u011flayarak kaliteli \u00fcr\u00fcn \u00fcretiminin devaml\u0131l\u0131\u011f\u0131n\u0131 sa\u011flamak ilk hedeflerimizdendir.<\/p>\n<ul>\n<li>\u00dcretimini yapt\u0131\u011f\u0131m\u0131z t\u00fcm \u00fcr\u00fcnlerde kullan\u0131lan hammaddelerin kalitesini korumak ve devaml\u0131\u011f\u0131n\u0131 sa\u011flamak.<\/li>\n<li>M\u00fc\u015fteri memnuiyetini ve \u015fartlar\u0131n\u0131 sa\u011flamak i\u00e7in \u00fcretimde iyile\u015ftirme ara\u015ft\u0131rma geli\u015ftirme faaliyetlerini y\u00fcr\u00fctmek.<\/li>\n<li>D\u00f6k\u00fcm sekt\u00f6r\u00fcnde ya\u015fanan teknolojik geli\u015fmeleri takip etmek ve uygulamak.<\/li>\n<li>M\u00fc\u015fteri \u015fartlar\u0131n\u0131 g\u00f6z \u00f6n\u00fcne alarak ulusal ve uluslararas\u0131 standartl\u0131 uygulayarak devaml\u0131l\u0131\u011f\u0131n\u0131 sa\u011flamamak.<\/li>\n<li>D\u00f6k\u00fcm sekt\u00f6r\u00fc pik ve sfero \u00fcretiminde kaliteden taviz vermeden d\u00fcnya pazar\u0131nda fiyat ve hizmet konusunda \u00f6nde olmak.<\/li>\n<li>IATF 16949 standard\u0131 uygulamak ve devaml\u0131l\u0131\u011f\u0131n\u0131 sa\u011flamak.<\/li>\n<li>\u00c7evre ve \u0130SG y\u00f6netim sisteminde do\u011fan\u0131n korunmas\u0131 ve \u00e7al\u0131\u015fanlar\u0131m\u0131z\u0131n sa\u011fl\u0131\u011f\u0131n\u0131 korumak i\u00e7in iyile\u015ftirme ve geli\u015ftirme \u00e7al\u0131\u015fmalar\u0131n\u0131 yapmak.<\/li>\n<li>Yenilik\u00e7i, \u00e7a\u011fda\u015f ve \u00f6neriye a\u00e7\u0131k y\u00f6netim anlay\u0131\u015f\u0131n\u0131 ile kaliteli \u00fcr\u00fcn \u00fcretiminin devaml\u0131l\u0131\u011f\u0131n\u0131 sa\u011flamak.<\/li>\n<li>M\u00fc\u015fterilerimizin ve \u00e7al\u0131\u015fanlar\u0131m\u0131z\u0131n memnuniyetlerini sa\u011flamak.<\/li>\n<\/ul>\n<p>BURD\u00d6KSAN olarak m\u00fc\u015fteri ihtiya\u00e7lar\u0131n\u0131 ve beklentilerini anlayarak ve m\u00fc\u015fteri beklentileri kar\u015f\u0131lamak i\u00e7in s\u00fcrekli iyile\u015ftirme vizyonunu benimsemi\u015ftir. \u00dcretimini yapt\u0131\u011f\u0131m\u0131z t\u00fcm pik ve sfero \u00fcr\u00fcnlerin m\u00fc\u015fteri \u015fartnameleri, ulusal ve uluslararas\u0131 yasal gerekliliklere uygun olarak \u00fcretmek i\u00e7in IATF 16949 standard\u0131n\u0131 uygulamakta ve s\u00fcrd\u00fcrebilirli\u011fini sa\u011flamaktad\u0131r.<\/p>\n<p><img loading=\"lazy\" decoding=\"async\" class=\"wp-image-5477 aligncenter\" src=\"http:\/\/burdoksan.com\/new\/wp-content\/uploads\/2026\/01\/IATF_16949_TR-1-212x300.png\" alt=\"\" width=\"400\" height=\"566\" srcset=\"http:\/\/burdoksan.com\/new\/wp-content\/uploads\/2026\/01\/IATF_16949_TR-1-212x300.png 212w, http:\/\/burdoksan.com\/new\/wp-content\/uploads\/2026\/01\/IATF_16949_TR-1-724x1024.png 724w, http:\/\/burdoksan.com\/new\/wp-content\/uploads\/2026\/01\/IATF_16949_TR-1-768x1086.png 768w, http:\/\/burdoksan.com\/new\/wp-content\/uploads\/2026\/01\/IATF_16949_TR-1.png 827w\" sizes=\"auto, (max-width: 400px) 100vw, 400px\" \/><\/p>\n<p>&nbsp;<\/p>\n","protected":false},"excerpt":{"rendered":"<p>KAL\u0130TE POL\u0130T\u0130KAMIZ BURD\u00d6KSAN olarak \u00fcretimini yapt\u0131\u011f\u0131m\u0131z pik ve sfero d\u00f6k\u00fcm \u00fcr\u00fcnlerinin hammadde tedarik edilmesinden son kullan\u0131c\u0131ya kadar olan t\u00fcm s\u00fcre\u00e7te \u00fcr\u00fcn g\u00fcvenli\u011fini, kalitesini ve m\u00fc\u015fteri memnuniyetini \u00f6n planda tutarak \u00fcretim faaliyetini ger\u00e7ekle\u015ftirmektedir. 2016 y\u0131l\u0131ndan itibaren otomotiv sekt\u00f6r\u00fcn\u00fcn en \u00fcst standard\u0131 olan IATF 16949 gerekliliklerini sa\u011flayarak kaliteli \u00fcr\u00fcn \u00fcretiminin devaml\u0131l\u0131\u011f\u0131n\u0131 sa\u011flamak ilk hedeflerimizdendir. \u00dcretimini yapt\u0131\u011f\u0131m\u0131z t\u00fcm [&hellip;]<\/p>\n","protected":false},"author":2,"featured_media":0,"parent":0,"menu_order":0,"comment_status":"closed","ping_status":"closed","template":"","meta":{"footnotes":""},"class_list":["post-4005","page","type-page","status-publish","hentry"],"_links":{"self":[{"href":"http:\/\/burdoksan.com\/new\/wp-json\/wp\/v2\/pages\/4005","targetHints":{"allow":["GET"]}}],"collection":[{"href":"http:\/\/burdoksan.com\/new\/wp-json\/wp\/v2\/pages"}],"about":[{"href":"http:\/\/burdoksan.com\/new\/wp-json\/wp\/v2\/types\/page"}],"author":[{"embeddable":true,"href":"http:\/\/burdoksan.com\/new\/wp-json\/wp\/v2\/users\/2"}],"replies":[{"embeddable":true,"href":"http:\/\/burdoksan.com\/new\/wp-json\/wp\/v2\/comments?post=4005"}],"version-history":[{"count":6,"href":"http:\/\/burdoksan.com\/new\/wp-json\/wp\/v2\/pages\/4005\/revisions"}],"predecessor-version":[{"id":5513,"href":"http:\/\/burdoksan.com\/new\/wp-json\/wp\/v2\/pages\/4005\/revisions\/5513"}],"wp:attachment":[{"href":"http:\/\/burdoksan.com\/new\/wp-json\/wp\/v2\/media?parent=4005"}],"curies":[{"name":"wp","href":"https:\/\/api.w.org\/{rel}","templated":true}]}}