{"id":4001,"date":"2018-08-31T22:35:08","date_gmt":"2018-08-31T19:35:08","guid":{"rendered":"http:\/\/burdoksan.com\/new\/?page_id=4001"},"modified":"2018-12-29T10:52:29","modified_gmt":"2018-12-29T08:52:29","slug":"boyutsal-olcum","status":"publish","type":"page","link":"http:\/\/burdoksan.com\/new\/boyutsal-olcum\/","title":{"rendered":"BOYUTSAL \u00d6L\u00c7\u00dcM"},"content":{"rendered":"<p><a href=\"http:\/\/burdoksan.com\/new\/wp-content\/uploads\/2018\/12\/IMG_9341.jpg\"><img loading=\"lazy\" decoding=\"async\" class=\"aligncenter size-full wp-image-4753\" src=\"http:\/\/burdoksan.com\/new\/wp-content\/uploads\/2018\/12\/IMG_9341.jpg\" alt=\"\" width=\"640\" height=\"480\" srcset=\"http:\/\/burdoksan.com\/new\/wp-content\/uploads\/2018\/12\/IMG_9341.jpg 640w, http:\/\/burdoksan.com\/new\/wp-content\/uploads\/2018\/12\/IMG_9341-300x225.jpg 300w\" sizes=\"auto, (max-width: 640px) 100vw, 640px\" \/><\/a><\/p>\n<p><strong>BOYUTSAL \u00d6L\u00c7\u00dcM<\/strong><\/p>\n<p>Firmam\u0131z b\u00fcnyesinde yap\u0131lan boyutsal \u00f6l\u00e7\u00fcm testleri:<\/p>\n<ul>\n<li>Kal\u0131nl\u0131k \u00f6l\u00e7\u00fcm\u00fc<\/li>\n<li>Y\u00fckseklik \u00f6l\u00e7\u00fcm\u00fc<\/li>\n<li>Derinlik \u00f6l\u00e7\u00fcm\u00fc<\/li>\n<li>Radius \u00f6l\u00e7\u00fcm\u00fc<\/li>\n<li>A\u00e7\u0131 \u00f6l\u00e7\u00fcm\u00fc<\/li>\n<\/ul>\n","protected":false},"excerpt":{"rendered":"<p>BOYUTSAL \u00d6L\u00c7\u00dcM Firmam\u0131z b\u00fcnyesinde yap\u0131lan boyutsal \u00f6l\u00e7\u00fcm testleri: Kal\u0131nl\u0131k \u00f6l\u00e7\u00fcm\u00fc Y\u00fckseklik \u00f6l\u00e7\u00fcm\u00fc Derinlik \u00f6l\u00e7\u00fcm\u00fc Radius \u00f6l\u00e7\u00fcm\u00fc A\u00e7\u0131 \u00f6l\u00e7\u00fcm\u00fc<\/p>\n","protected":false},"author":2,"featured_media":0,"parent":0,"menu_order":0,"comment_status":"closed","ping_status":"closed","template":"","meta":{"footnotes":""},"class_list":["post-4001","page","type-page","status-publish","hentry"],"_links":{"self":[{"href":"http:\/\/burdoksan.com\/new\/wp-json\/wp\/v2\/pages\/4001","targetHints":{"allow":["GET"]}}],"collection":[{"href":"http:\/\/burdoksan.com\/new\/wp-json\/wp\/v2\/pages"}],"about":[{"href":"http:\/\/burdoksan.com\/new\/wp-json\/wp\/v2\/types\/page"}],"author":[{"embeddable":true,"href":"http:\/\/burdoksan.com\/new\/wp-json\/wp\/v2\/users\/2"}],"replies":[{"embeddable":true,"href":"http:\/\/burdoksan.com\/new\/wp-json\/wp\/v2\/comments?post=4001"}],"version-history":[{"count":6,"href":"http:\/\/burdoksan.com\/new\/wp-json\/wp\/v2\/pages\/4001\/revisions"}],"predecessor-version":[{"id":4773,"href":"http:\/\/burdoksan.com\/new\/wp-json\/wp\/v2\/pages\/4001\/revisions\/4773"}],"wp:attachment":[{"href":"http:\/\/burdoksan.com\/new\/wp-json\/wp\/v2\/media?parent=4001"}],"curies":[{"name":"wp","href":"https:\/\/api.w.org\/{rel}","templated":true}]}}