{"id":3999,"date":"2018-08-31T22:34:51","date_gmt":"2018-08-31T19:34:51","guid":{"rendered":"http:\/\/burdoksan.com\/new\/?page_id=3999"},"modified":"2018-12-27T20:51:56","modified_gmt":"2018-12-27T18:51:56","slug":"kalip-kumu-deger-olcumleri","status":"publish","type":"page","link":"http:\/\/burdoksan.com\/new\/kalip-kumu-deger-olcumleri\/","title":{"rendered":"KALIP KUMU DE\u011eER \u00d6L\u00c7\u00dcM\u00dc"},"content":{"rendered":"<p><a href=\"http:\/\/burdoksan.com\/new\/wp-content\/uploads\/2018\/12\/IQD_0369_b.jpg\"><img loading=\"lazy\" decoding=\"async\" class=\"aligncenter size-full wp-image-4749\" src=\"http:\/\/burdoksan.com\/new\/wp-content\/uploads\/2018\/12\/IQD_0369_b.jpg\" alt=\"\" width=\"865\" height=\"705\" srcset=\"http:\/\/burdoksan.com\/new\/wp-content\/uploads\/2018\/12\/IQD_0369_b.jpg 865w, http:\/\/burdoksan.com\/new\/wp-content\/uploads\/2018\/12\/IQD_0369_b-300x245.jpg 300w, http:\/\/burdoksan.com\/new\/wp-content\/uploads\/2018\/12\/IQD_0369_b-768x626.jpg 768w\" sizes=\"auto, (max-width: 865px) 100vw, 865px\" \/><\/a><\/p>\n<p><strong>KALIP KUMU DE\u011eER \u00d6L\u00c7\u00dcM\u00dc<\/strong><\/p>\n<p>Firmam\u0131z b\u00fcnyesinde yap\u0131lan kal\u0131p kumu de\u011fer \u00f6l\u00e7\u00fcmleri:<\/p>\n<ul>\n<li>Kompaktibilite<\/li>\n<li>Ya\u015f kal\u0131p kumu basma testi<\/li>\n<li>Ya\u015f kal\u0131p kumu ezme testi<\/li>\n<li>Ya\u015f kal\u0131p kumu kesme testi<\/li>\n<li>Ya\u015f kal\u0131p kumu gaz ge\u00e7irgenlik testi<\/li>\n<li>Ya\u015f kal\u0131p kumu nem \u00f6l\u00e7\u00fcm\u00fc<\/li>\n<li>Ya\u015f kal\u0131p kumu aktif kil analizi<\/li>\n<li>Kil \u015fi\u015fme testi<\/li>\n<\/ul>\n","protected":false},"excerpt":{"rendered":"<p>KALIP KUMU DE\u011eER \u00d6L\u00c7\u00dcM\u00dc Firmam\u0131z b\u00fcnyesinde yap\u0131lan kal\u0131p kumu de\u011fer \u00f6l\u00e7\u00fcmleri: Kompaktibilite Ya\u015f kal\u0131p kumu basma testi Ya\u015f kal\u0131p kumu ezme testi Ya\u015f kal\u0131p kumu kesme testi Ya\u015f kal\u0131p kumu gaz ge\u00e7irgenlik testi Ya\u015f kal\u0131p kumu nem \u00f6l\u00e7\u00fcm\u00fc Ya\u015f kal\u0131p kumu aktif kil analizi Kil \u015fi\u015fme testi<\/p>\n","protected":false},"author":2,"featured_media":0,"parent":0,"menu_order":0,"comment_status":"closed","ping_status":"closed","template":"","meta":{"footnotes":""},"class_list":["post-3999","page","type-page","status-publish","hentry"],"_links":{"self":[{"href":"http:\/\/burdoksan.com\/new\/wp-json\/wp\/v2\/pages\/3999","targetHints":{"allow":["GET"]}}],"collection":[{"href":"http:\/\/burdoksan.com\/new\/wp-json\/wp\/v2\/pages"}],"about":[{"href":"http:\/\/burdoksan.com\/new\/wp-json\/wp\/v2\/types\/page"}],"author":[{"embeddable":true,"href":"http:\/\/burdoksan.com\/new\/wp-json\/wp\/v2\/users\/2"}],"replies":[{"embeddable":true,"href":"http:\/\/burdoksan.com\/new\/wp-json\/wp\/v2\/comments?post=3999"}],"version-history":[{"count":6,"href":"http:\/\/burdoksan.com\/new\/wp-json\/wp\/v2\/pages\/3999\/revisions"}],"predecessor-version":[{"id":4750,"href":"http:\/\/burdoksan.com\/new\/wp-json\/wp\/v2\/pages\/3999\/revisions\/4750"}],"wp:attachment":[{"href":"http:\/\/burdoksan.com\/new\/wp-json\/wp\/v2\/media?parent=3999"}],"curies":[{"name":"wp","href":"https:\/\/api.w.org\/{rel}","templated":true}]}}