{"id":3995,"date":"2018-08-31T22:34:03","date_gmt":"2018-08-31T19:34:03","guid":{"rendered":"http:\/\/burdoksan.com\/new\/?page_id=3995"},"modified":"2018-12-25T20:40:55","modified_gmt":"2018-12-25T18:40:55","slug":"kimyasal-analiz-incelemeleri","status":"publish","type":"page","link":"http:\/\/burdoksan.com\/new\/kimyasal-analiz-incelemeleri\/","title":{"rendered":"K\u0130MYASAL ANAL\u0130Z \u0130NCELEMELER\u0130"},"content":{"rendered":"<p><strong><a href=\"http:\/\/burdoksan.com\/new\/wp-content\/uploads\/2018\/12\/IQD_0288.jpg\"><img loading=\"lazy\" decoding=\"async\" class=\"alignnone size-full wp-image-4578\" src=\"http:\/\/burdoksan.com\/new\/wp-content\/uploads\/2018\/12\/IQD_0288.jpg\" alt=\"\" width=\"1800\" height=\"1200\" srcset=\"http:\/\/burdoksan.com\/new\/wp-content\/uploads\/2018\/12\/IQD_0288.jpg 1800w, http:\/\/burdoksan.com\/new\/wp-content\/uploads\/2018\/12\/IQD_0288-300x200.jpg 300w, http:\/\/burdoksan.com\/new\/wp-content\/uploads\/2018\/12\/IQD_0288-768x512.jpg 768w, http:\/\/burdoksan.com\/new\/wp-content\/uploads\/2018\/12\/IQD_0288-1024x683.jpg 1024w\" sizes=\"auto, (max-width: 1800px) 100vw, 1800px\" \/><\/a>K\u0130MYASAL ANAL\u0130Z \u0130NCELEMELER\u0130<\/strong><\/p>\n<p>Firmam\u0131z b\u00fcnyesinde yap\u0131lan kimyasal analiz testleri:<\/p>\n<ul>\n<li>Spektrometre kimyasal analizi<\/li>\n<li>So\u011fuma e\u011frisi ile C ( karbon) Si( silisyum) ve CE (Karbon e\u015fde\u011feri) analizleri<\/li>\n<\/ul>\n","protected":false},"excerpt":{"rendered":"<p>K\u0130MYASAL ANAL\u0130Z \u0130NCELEMELER\u0130 Firmam\u0131z b\u00fcnyesinde yap\u0131lan kimyasal analiz testleri: Spektrometre kimyasal analizi So\u011fuma e\u011frisi ile C ( karbon) Si( silisyum) ve CE (Karbon e\u015fde\u011feri) analizleri<\/p>\n","protected":false},"author":2,"featured_media":0,"parent":0,"menu_order":0,"comment_status":"closed","ping_status":"closed","template":"","meta":{"footnotes":""},"class_list":["post-3995","page","type-page","status-publish","hentry"],"_links":{"self":[{"href":"http:\/\/burdoksan.com\/new\/wp-json\/wp\/v2\/pages\/3995","targetHints":{"allow":["GET"]}}],"collection":[{"href":"http:\/\/burdoksan.com\/new\/wp-json\/wp\/v2\/pages"}],"about":[{"href":"http:\/\/burdoksan.com\/new\/wp-json\/wp\/v2\/types\/page"}],"author":[{"embeddable":true,"href":"http:\/\/burdoksan.com\/new\/wp-json\/wp\/v2\/users\/2"}],"replies":[{"embeddable":true,"href":"http:\/\/burdoksan.com\/new\/wp-json\/wp\/v2\/comments?post=3995"}],"version-history":[{"count":5,"href":"http:\/\/burdoksan.com\/new\/wp-json\/wp\/v2\/pages\/3995\/revisions"}],"predecessor-version":[{"id":4710,"href":"http:\/\/burdoksan.com\/new\/wp-json\/wp\/v2\/pages\/3995\/revisions\/4710"}],"wp:attachment":[{"href":"http:\/\/burdoksan.com\/new\/wp-json\/wp\/v2\/media?parent=3995"}],"curies":[{"name":"wp","href":"https:\/\/api.w.org\/{rel}","templated":true}]}}