{"id":3993,"date":"2018-08-31T22:33:41","date_gmt":"2018-08-31T19:33:41","guid":{"rendered":"http:\/\/burdoksan.com\/new\/?page_id=3993"},"modified":"2018-12-25T20:40:03","modified_gmt":"2018-12-25T18:40:03","slug":"mikroyapi-incelemeleri","status":"publish","type":"page","link":"http:\/\/burdoksan.com\/new\/mikroyapi-incelemeleri\/","title":{"rendered":"M\u0130KRO YAPI \u0130NCELEMELER\u0130"},"content":{"rendered":"<p><a href=\"http:\/\/burdoksan.com\/new\/wp-content\/uploads\/2018\/12\/IQD_0321.jpg\"><img loading=\"lazy\" decoding=\"async\" class=\"alignnone size-full wp-image-4567\" src=\"http:\/\/burdoksan.com\/new\/wp-content\/uploads\/2018\/12\/IQD_0321.jpg\" alt=\"\" width=\"1800\" height=\"1200\" srcset=\"http:\/\/burdoksan.com\/new\/wp-content\/uploads\/2018\/12\/IQD_0321.jpg 1800w, http:\/\/burdoksan.com\/new\/wp-content\/uploads\/2018\/12\/IQD_0321-300x200.jpg 300w, http:\/\/burdoksan.com\/new\/wp-content\/uploads\/2018\/12\/IQD_0321-768x512.jpg 768w, http:\/\/burdoksan.com\/new\/wp-content\/uploads\/2018\/12\/IQD_0321-1024x683.jpg 1024w\" sizes=\"auto, (max-width: 1800px) 100vw, 1800px\" \/><\/a><\/p>\n<p><strong>M\u0130KRO YAPI \u0130NCELEMELER\u0130<\/strong><\/p>\n<p>Firmam\u0131z b\u00fcnyesinde yap\u0131lan mikro yap\u0131 incelemeleri:<\/p>\n<ul>\n<li>Grafit tip ve ebatlar\u0131n\u0131n analizleri<\/li>\n<li>Grafit t\u00fcr\u00fc analizi<\/li>\n<li>Y\u00fczde k\u00fcresellik analizi<\/li>\n<li>Grafit k\u00fcre miktar\u0131 analizi<\/li>\n<li>Da\u011flama sonras\u0131 faz analizi<\/li>\n<\/ul>\n<p><a href=\"http:\/\/burdoksan.com\/new\/wp-content\/uploads\/2018\/12\/IQD_0325.jpg\"><img loading=\"lazy\" decoding=\"async\" class=\"alignnone size-full wp-image-4568\" src=\"http:\/\/burdoksan.com\/new\/wp-content\/uploads\/2018\/12\/IQD_0325.jpg\" alt=\"\" width=\"1800\" height=\"1200\" srcset=\"http:\/\/burdoksan.com\/new\/wp-content\/uploads\/2018\/12\/IQD_0325.jpg 1800w, http:\/\/burdoksan.com\/new\/wp-content\/uploads\/2018\/12\/IQD_0325-300x200.jpg 300w, http:\/\/burdoksan.com\/new\/wp-content\/uploads\/2018\/12\/IQD_0325-768x512.jpg 768w, http:\/\/burdoksan.com\/new\/wp-content\/uploads\/2018\/12\/IQD_0325-1024x683.jpg 1024w\" sizes=\"auto, (max-width: 1800px) 100vw, 1800px\" \/><\/a><\/p>\n","protected":false},"excerpt":{"rendered":"<p>M\u0130KRO YAPI \u0130NCELEMELER\u0130 Firmam\u0131z b\u00fcnyesinde yap\u0131lan mikro yap\u0131 incelemeleri: Grafit tip ve ebatlar\u0131n\u0131n analizleri Grafit t\u00fcr\u00fc analizi Y\u00fczde k\u00fcresellik analizi Grafit k\u00fcre miktar\u0131 analizi Da\u011flama sonras\u0131 faz analizi<\/p>\n","protected":false},"author":2,"featured_media":0,"parent":0,"menu_order":0,"comment_status":"closed","ping_status":"closed","template":"","meta":{"footnotes":""},"class_list":["post-3993","page","type-page","status-publish","hentry"],"_links":{"self":[{"href":"http:\/\/burdoksan.com\/new\/wp-json\/wp\/v2\/pages\/3993","targetHints":{"allow":["GET"]}}],"collection":[{"href":"http:\/\/burdoksan.com\/new\/wp-json\/wp\/v2\/pages"}],"about":[{"href":"http:\/\/burdoksan.com\/new\/wp-json\/wp\/v2\/types\/page"}],"author":[{"embeddable":true,"href":"http:\/\/burdoksan.com\/new\/wp-json\/wp\/v2\/users\/2"}],"replies":[{"embeddable":true,"href":"http:\/\/burdoksan.com\/new\/wp-json\/wp\/v2\/comments?post=3993"}],"version-history":[{"count":5,"href":"http:\/\/burdoksan.com\/new\/wp-json\/wp\/v2\/pages\/3993\/revisions"}],"predecessor-version":[{"id":4706,"href":"http:\/\/burdoksan.com\/new\/wp-json\/wp\/v2\/pages\/3993\/revisions\/4706"}],"wp:attachment":[{"href":"http:\/\/burdoksan.com\/new\/wp-json\/wp\/v2\/media?parent=3993"}],"curies":[{"name":"wp","href":"https:\/\/api.w.org\/{rel}","templated":true}]}}