{"id":3983,"date":"2018-08-31T22:31:42","date_gmt":"2018-08-31T19:31:42","guid":{"rendered":"http:\/\/burdoksan.com\/new\/?page_id=3983"},"modified":"2026-01-07T06:47:04","modified_gmt":"2026-01-07T03:47:04","slug":"firma-profili","status":"publish","type":"page","link":"http:\/\/burdoksan.com\/new\/firma-profili\/","title":{"rendered":"F\u0130RMA PROF\u0130L\u0130"},"content":{"rendered":"<p><strong>F\u0130RMA PROF\u0130L\u0130<\/strong><\/p>\n<p>Eyl\u00fcl 2004\u2019de faaliyete ba\u015flayan BURD\u00d6KSAN, Karaca Ailesi taraf\u0131ndan kurulmu\u015f olup Eyl\u00fcl 2025 itibariyle UFUK CO\u015eKUN ve M\u00fcrsel KARACA ortakl\u0131\u011f\u0131 ile y\u00f6netilmeye devam etmektedir.<\/p>\n<p>Yeni y\u00f6netim, IATF 16949:2016 Kalite Y\u00f6netim Sistemi ba\u015fta olmak \u00fczere ilgili m\u00fc\u015fteri, yasal ve mevzuat \u015fartlar\u0131n\u0131n kar\u015f\u0131lanmas\u0131n\u0131; m\u00fc\u015fteri memnuniyetinin sa\u011flanmas\u0131n\u0131 ve s\u00fcrekli iyile\u015ftirme yakla\u015f\u0131m\u0131yla kalite y\u00f6netim sisteminin etkinli\u011finin art\u0131r\u0131lmas\u0131n\u0131 taahh\u00fct eder.<\/p>\n<p>Bu kapsamda y\u00f6netim; kaliteli ve g\u00fcvenli \u00fcr\u00fcn \u00fcretiminin s\u00fcreklili\u011fini sa\u011flamay\u0131, \u00fcr\u00fcn g\u00fcvenli\u011fi ve proses risklerini risk bazl\u0131 yakla\u015f\u0131mla y\u00f6netmeyi, otomotiv sekt\u00f6r\u00fcn\u00fcn gerekliliklerine uygun \u00fcretim ve kontrol faaliyetlerini s\u00fcrd\u00fcrmeyi, kaynaklar\u0131n etkin kullan\u0131m\u0131n\u0131 sa\u011flamay\u0131 ve kalite performans\u0131n\u0131n s\u00fcrd\u00fcr\u00fclebilirli\u011fini desteklemeyi y\u00f6netim taahh\u00fcd\u00fc olarak benimser.<\/p>\n<p>BURD\u00d6KSAN, modern Tam Otomatik So\u011fuk ve S\u0131cak Ma\u00e7a Makineleri, End\u00fcksiyon Ocaklar\u0131, Bilgisayarl\u0131 Kum haz\u0131rlama Sistemi, DISA Kal\u0131plama Hatlar\u0131,Yatay Kal\u0131plama Hatt\u0131, Ask\u0131l\u0131 ile Tanburlu ve Kanal Kumlama makineleri, otomat\u0131k CNC ta\u015flama makinalar\u0131 ile otomotiv, makine, tar\u0131m, \u0131s\u0131 sanayi, hidrolik sanayi vb. sekt\u00f6rlerinin t\u00fcm ihtiya\u00e7lar\u0131na cevap verebilecek \u00fcretim donan\u0131m\u0131na sahiptir.<\/p>\n<p>M\u00fc\u015fterilerilerinin taleplerine ve t\u00fcm ihtiyaclar\u0131na max. seviyede kar\u015f\u0131l\u0131k vermek i\u00e7in ileri seviye solid Works 3D Casting ( D\u00f6k\u00fcm) tasar\u0131m programlar\u0131 ve deneyimli tasar\u0131m personeli ile hizmet vermektedir. Ayr\u0131ca sanal ortamda ilk numune \u00fcretimi \u00f6ncesi max. kaliteyi ve max. verimlili\u011fi yakalamak i\u00e7in Solid Cast (D\u00f6k\u00fcm similasyon) yaz\u0131l\u0131m\u0131 kullanmaktad\u0131r.<\/p>\n<p>Geli\u015fen teknoloji ve d\u00fcnya genelinde kaliteyi art\u0131rmak i\u00e7in dar olan tolerans aral\u0131klar\u0131nda \u00fcretim yapabilmek, m\u00fc\u015fterilerinin \u00fcr\u00fcnlerde talep etmi\u015f olduklar\u0131 kalite kontrol \u015fartlar\u0131n\u0131 sa\u011flamak i\u00e7in\u00a0 son teknoloji hasas \u00f6l\u00e7\u00fcm cihazlar\u0131m\u0131z ile donatm\u0131\u015f oldu\u011fumuz d\u00f6k\u00fcm laboratuvar\u0131m\u0131zda \u00fcr\u00fcnlerimizi boyutsal(geometrik),kimyasal, metalografik ve mekanik testlere tabi tutarak, \u00fcretti\u011fimiz mamullerin kalitesini ve m\u00fc\u015fteri talep\/memnuniyetini de g\u00fcvence alt\u0131na almaktadir.<\/p>\n<p>BURD\u00d6KSAN, d\u00f6k\u00fcm sekt\u00f6r\u00fcnde bir markad\u0131r ve markam\u0131z T\u00fcrk Patent Enstit\u00fcs\u00fc taraf\u0131ndan tescillenmi\u015ftir.<\/p>\n<p>\u00dcretimin her noktas\u0131ndaki profesyonel kadrosu ile firmam\u0131z, Bursa Kayapa Sanayi B\u00f6lgesi\u2019nde 6200 m2\u2019si kapal\u0131 olmak \u00fczere toplam 7950 m2\u2019lik alan ve y\u0131ll\u0131k 18000 ton \u00fcretim kapasitesiyle hizmet vermeyi s\u00fcrd\u00fcrmektedir.<\/p>\n<p>BURD\u00d6KSAN, \u00fcst\u00fcn teknolojisi ve hammaddeden itibaren \u00fcretimin her a\u015famas\u0131nda g\u00f6zetti\u011fi m\u00fc\u015fteri memnuniyetiyle sekt\u00f6r\u00fcn\u00fcn \u00f6nc\u00fcs\u00fcd\u00fcr. Uygun fiyatlarla, beklentilere zaman\u0131nda cevap vermeyi ilke edinmi\u015f olan firmam\u0131z, kalitesi ve h\u0131z\u0131 ile m\u00fc\u015fterilerine g\u00fcven vermektedir.<\/p>\n<p>&nbsp;<\/p>\n<h4>KAPSAM<\/h4>\n<p>BURD\u00d6KSAN A.\u015e. Olarak &#8220;Sfero ve Gri D\u00f6kme Demirden Ham ve i\u015flenmi\u015f Par\u00e7a \u00dcretim ve sat\u0131\u015f&#8221; faaliyetlerini ger\u00e7ekle\u015ftirmek i\u00e7in belirlenmi\u015f t\u00fcm s\u00fcre\u00e7leri ve s\u00fcre\u00e7lerin payda\u015flar\u0131m\u0131zla etkile\u015fimlerini kapsamaktad\u0131r.<\/p>\n<p>&nbsp;<\/p>\n<h4><strong>\u00c7al\u0131\u015fan Profili <\/strong><\/h4>\n<ul>\n<li>20 beyaz yaka<\/li>\n<li>65 mavi yaka<\/li>\n<\/ul>\n<p>&nbsp;<\/p>\n","protected":false},"excerpt":{"rendered":"<p>F\u0130RMA PROF\u0130L\u0130 Eyl\u00fcl 2004\u2019de faaliyete ba\u015flayan BURD\u00d6KSAN, Karaca Ailesi taraf\u0131ndan kurulmu\u015f olup Eyl\u00fcl 2025 itibariyle UFUK CO\u015eKUN ve M\u00fcrsel KARACA ortakl\u0131\u011f\u0131 ile y\u00f6netilmeye devam etmektedir. Yeni y\u00f6netim, IATF 16949:2016 Kalite Y\u00f6netim Sistemi ba\u015fta olmak \u00fczere ilgili m\u00fc\u015fteri, yasal ve mevzuat \u015fartlar\u0131n\u0131n kar\u015f\u0131lanmas\u0131n\u0131; m\u00fc\u015fteri memnuniyetinin sa\u011flanmas\u0131n\u0131 ve s\u00fcrekli iyile\u015ftirme yakla\u015f\u0131m\u0131yla kalite y\u00f6netim sisteminin etkinli\u011finin art\u0131r\u0131lmas\u0131n\u0131 taahh\u00fct [&hellip;]<\/p>\n","protected":false},"author":2,"featured_media":0,"parent":0,"menu_order":0,"comment_status":"closed","ping_status":"closed","template":"","meta":{"footnotes":""},"class_list":["post-3983","page","type-page","status-publish","hentry"],"_links":{"self":[{"href":"http:\/\/burdoksan.com\/new\/wp-json\/wp\/v2\/pages\/3983","targetHints":{"allow":["GET"]}}],"collection":[{"href":"http:\/\/burdoksan.com\/new\/wp-json\/wp\/v2\/pages"}],"about":[{"href":"http:\/\/burdoksan.com\/new\/wp-json\/wp\/v2\/types\/page"}],"author":[{"embeddable":true,"href":"http:\/\/burdoksan.com\/new\/wp-json\/wp\/v2\/users\/2"}],"replies":[{"embeddable":true,"href":"http:\/\/burdoksan.com\/new\/wp-json\/wp\/v2\/comments?post=3983"}],"version-history":[{"count":6,"href":"http:\/\/burdoksan.com\/new\/wp-json\/wp\/v2\/pages\/3983\/revisions"}],"predecessor-version":[{"id":5451,"href":"http:\/\/burdoksan.com\/new\/wp-json\/wp\/v2\/pages\/3983\/revisions\/5451"}],"wp:attachment":[{"href":"http:\/\/burdoksan.com\/new\/wp-json\/wp\/v2\/media?parent=3983"}],"curies":[{"name":"wp","href":"https:\/\/api.w.org\/{rel}","templated":true}]}}