{"id":1964,"date":"2018-05-19T12:24:04","date_gmt":"2018-05-19T09:24:04","guid":{"rendered":"http:\/\/demo.goodlayers.com\/infinite\/homepages\/finance\/?page_id=1281"},"modified":"2026-03-10T12:24:49","modified_gmt":"2026-03-10T09:24:49","slug":"iletisim","status":"publish","type":"page","link":"http:\/\/burdoksan.com\/new\/iletisim\/","title":{"rendered":"\u0130LET\u0130\u015e\u0130M"},"content":{"rendered":"","protected":false},"excerpt":{"rendered":"","protected":false},"author":2,"featured_media":0,"parent":0,"menu_order":0,"comment_status":"closed","ping_status":"closed","template":"","meta":{"footnotes":""},"class_list":["post-1964","page","type-page","status-publish","hentry"],"_links":{"self":[{"href":"http:\/\/burdoksan.com\/new\/wp-json\/wp\/v2\/pages\/1964","targetHints":{"allow":["GET"]}}],"collection":[{"href":"http:\/\/burdoksan.com\/new\/wp-json\/wp\/v2\/pages"}],"about":[{"href":"http:\/\/burdoksan.com\/new\/wp-json\/wp\/v2\/types\/page"}],"author":[{"embeddable":true,"href":"http:\/\/burdoksan.com\/new\/wp-json\/wp\/v2\/users\/2"}],"replies":[{"embeddable":true,"href":"http:\/\/burdoksan.com\/new\/wp-json\/wp\/v2\/comments?post=1964"}],"version-history":[{"count":6,"href":"http:\/\/burdoksan.com\/new\/wp-json\/wp\/v2\/pages\/1964\/revisions"}],"predecessor-version":[{"id":5516,"href":"http:\/\/burdoksan.com\/new\/wp-json\/wp\/v2\/pages\/1964\/revisions\/5516"}],"wp:attachment":[{"href":"http:\/\/burdoksan.com\/new\/wp-json\/wp\/v2\/media?parent=1964"}],"curies":[{"name":"wp","href":"https:\/\/api.w.org\/{rel}","templated":true}]}}